{"id":3997,"date":"2023-03-08T08:04:35","date_gmt":"2023-03-08T08:04:35","guid":{"rendered":"https:\/\/reguadupla.pt\/?page_id=3997"},"modified":"2023-04-17T13:31:32","modified_gmt":"2023-04-17T13:31:32","slug":"about","status":"publish","type":"page","link":"https:\/\/reguadupla.pt\/en\/about\/","title":{"rendered":"About Us"},"content":{"rendered":"<div data-elementor-type=\"wp-page\" data-elementor-id=\"3997\" class=\"elementor elementor-3997\">\n\t\t\t\t\t\t<section class=\"elementor-section elementor-top-section elementor-element elementor-element-22bbb4a elementor-section-boxed elementor-section-height-default elementor-section-height-default\" data-id=\"22bbb4a\" data-element_type=\"section\" data-e-type=\"section\" data-settings=\"{&quot;background_background&quot;:&quot;classic&quot;}\">\n\t\t\t\t\t\t<div class=\"elementor-container elementor-column-gap-default\">\n\t\t\t\t\t<div class=\"elementor-column elementor-col-50 elementor-top-column elementor-element elementor-element-86845ec\" data-id=\"86845ec\" data-element_type=\"column\" data-e-type=\"column\" data-settings=\"{&quot;background_background&quot;:&quot;classic&quot;,&quot;animation_mobile&quot;:&quot;fadeIn&quot;}\">\n\t\t\t<div class=\"elementor-widget-wrap elementor-element-populated\">\n\t\t\t\t\t\t<div class=\"elementor-element elementor-element-55661e4 elementor-widget elementor-widget-html\" data-id=\"55661e4\" data-element_type=\"widget\" data-e-type=\"widget\" data-widget_type=\"html.default\">\n\t\t\t\t<div class=\"elementor-widget-container\">\n\t\t\t\t\t<h1 style=\"display:none\">About Us<\/h1>\t\t\t\t<\/div>\n\t\t\t\t<\/div>\n\t\t\t\t<div class=\"elementor-element elementor-element-8e52be2 elementor-widget__width-inherit elementor-widget elementor-widget-spacer\" data-id=\"8e52be2\" data-element_type=\"widget\" data-e-type=\"widget\" data-widget_type=\"spacer.default\">\n\t\t\t\t<div class=\"elementor-widget-container\">\n\t\t\t\t\t\t\t<div class=\"elementor-spacer\">\n\t\t\t<div class=\"elementor-spacer-inner\"><\/div>\n\t\t<\/div>\n\t\t\t\t\t\t<\/div>\n\t\t\t\t<\/div>\n\t\t\t\t\t<\/div>\n\t\t<\/div>\n\t\t\t\t<div class=\"elementor-column elementor-col-50 elementor-top-column elementor-element elementor-element-494acac\" data-id=\"494acac\" data-element_type=\"column\" data-e-type=\"column\">\n\t\t\t<div class=\"elementor-widget-wrap elementor-element-populated\">\n\t\t\t\t\t\t<div class=\"elementor-element elementor-element-1c8bd28 elementor-invisible elementor-widget elementor-widget-heading\" data-id=\"1c8bd28\" data-element_type=\"widget\" data-e-type=\"widget\" data-settings=\"{&quot;_animation&quot;:&quot;fadeIn&quot;}\" data-widget_type=\"heading.default\">\n\t\t\t\t<div class=\"elementor-widget-container\">\n\t\t\t\t\t<h2 class=\"elementor-heading-title elementor-size-default\">The Double Ruler<\/h2>\t\t\t\t<\/div>\n\t\t\t\t<\/div>\n\t\t\t\t<div class=\"elementor-element elementor-element-f1cea74 elementor-widget elementor-widget-text-editor\" data-id=\"f1cea74\" data-element_type=\"widget\" data-e-type=\"widget\" data-widget_type=\"text-editor.default\">\n\t\t\t\t<div class=\"elementor-widget-container\">\n\t\t\t\t\t\t\t\t\tWe are a company based in the municipality of Barcelos, more precisely in the parish of S. Ver\u00edssimo. Although R\u00e9gua Dupla is a recent brand on the market, it is a company made up of elements with more than 10 years of experience in the market, a market that has become increasingly competitive and demanding. Independently or with your help, we create the solution to your problem, going through the entire process of design, conception, production and application of:\n<ul style=\"list-style-type: none; margin: 0px;\">\n \t<li><strong>\n\u2013 Blinds<\/strong><\/li>\n \t<li><strong>\u2013 Solar breezes<\/strong><\/li>\n \t<li><strong>\u2013 pergolas<\/strong><\/li>\n \t<li><strong>\u2013 Bioclimatic pergolas<\/strong><\/li>\n \t<li><strong>\u2013 Awnings<\/strong><\/li>\n \t<li><strong>\u2013 Tarpaulins<\/strong><\/li>\n \t<li><strong>- Curtains<\/strong><\/li>\n \t<li><strong>\u2013 vertical bands<\/strong><\/li>\n \t<li><strong>\u2013 Mosquito nets<\/strong><\/li>\n \t<li><strong>\u2013 Carpets<\/strong><\/li>\n \t<li><strong>\u2013 Carpets<\/strong><\/li>\n \t<li>\n<a style=\"color: #04474f;\" href=\"https:\/\/reguadupla.pt\/en\/produtos\/\">Click here<\/a> to learn more about our products.<\/li>\n<\/ul>\nWe can say that we are confident for any challenge you present to us, as our luggage of experience allows us to tell you\u2026\n\n<em>&quot;Yes, it is possible!&quot;.<\/em>\t\t\t\t\t\t\t\t<\/div>\n\t\t\t\t<\/div>\n\t\t\t\t\t<\/div>\n\t\t<\/div>\n\t\t\t\t\t<\/div>\n\t\t<\/section>\n\t\t\t\t<section class=\"elementor-section elementor-top-section elementor-element elementor-element-4cf5a7f elementor-section-height-min-height elementor-section-boxed elementor-section-height-default elementor-section-items-middle\" data-id=\"4cf5a7f\" data-element_type=\"section\" data-e-type=\"section\" data-settings=\"{&quot;animation_mobile&quot;:&quot;fadeInUp&quot;}\">\n\t\t\t\t\t\t<div class=\"elementor-container elementor-column-gap-default\">\n\t\t\t\t\t<div class=\"elementor-column elementor-col-100 elementor-top-column elementor-element elementor-element-8b9a04f\" data-id=\"8b9a04f\" data-element_type=\"column\" data-e-type=\"column\">\n\t\t\t<div class=\"elementor-widget-wrap elementor-element-populated\">\n\t\t\t\t\t\t<div class=\"elementor-element elementor-element-2aa98cb elementor-invisible elementor-widget elementor-widget-heading\" data-id=\"2aa98cb\" data-element_type=\"widget\" data-e-type=\"widget\" data-settings=\"{&quot;_animation&quot;:&quot;fadeIn&quot;}\" data-widget_type=\"heading.default\">\n\t\t\t\t<div class=\"elementor-widget-container\">\n\t\t\t\t\t<h2 class=\"elementor-heading-title elementor-size-default\">our attitude<\/h2>\t\t\t\t<\/div>\n\t\t\t\t<\/div>\n\t\t\t\t<div class=\"elementor-element elementor-element-6bbd0d9 elementor-widget elementor-widget-text-editor\" data-id=\"6bbd0d9\" data-element_type=\"widget\" data-e-type=\"widget\" data-widget_type=\"text-editor.default\">\n\t\t\t\t<div class=\"elementor-widget-container\">\n\t\t\t\t\t\t\t\t\t<p class=\"p1\">For your home or company looking for the right choice and quality, we are aware that our range of products will be present in your day-to-day. Our products will provide you with the comfort<span class=\"Apple-converted-space\">\u00a0<\/span>and refinement that will remind you of the right choice you made by trusting us.<\/p><p class=\"p1\">Unlike most of our competition, we have and we prove that it is necessary to be sensitive in order to be able to offer you the best for your project, be it personal or business. We treat you as if you were our own!<\/p>\t\t\t\t\t\t\t\t<\/div>\n\t\t\t\t<\/div>\n\t\t\t\t\t<\/div>\n\t\t<\/div>\n\t\t\t\t\t<\/div>\n\t\t<\/section>\n\t\t\t\t<section class=\"elementor-section elementor-top-section elementor-element elementor-element-96386ac elementor-section-height-min-height elementor-section-full_width elementor-section-items-stretch elementor-section-content-middle elementor-section-height-default\" data-id=\"96386ac\" data-element_type=\"section\" data-e-type=\"section\" data-settings=\"{&quot;background_background&quot;:&quot;classic&quot;}\">\n\t\t\t\t\t\t<div class=\"elementor-container elementor-column-gap-no\">\n\t\t\t\t\t<div class=\"elementor-column elementor-col-33 elementor-top-column elementor-element elementor-element-300ae6b elementor-hidden-mobile\" data-id=\"300ae6b\" data-element_type=\"column\" data-e-type=\"column\" data-settings=\"{&quot;background_background&quot;:&quot;classic&quot;}\">\n\t\t\t<div class=\"elementor-widget-wrap elementor-element-populated\">\n\t\t\t\t\t\t<div class=\"elementor-element elementor-element-086b2f5 elementor-widget elementor-widget-spacer\" data-id=\"086b2f5\" data-element_type=\"widget\" data-e-type=\"widget\" data-widget_type=\"spacer.default\">\n\t\t\t\t<div class=\"elementor-widget-container\">\n\t\t\t\t\t\t\t<div class=\"elementor-spacer\">\n\t\t\t<div class=\"elementor-spacer-inner\"><\/div>\n\t\t<\/div>\n\t\t\t\t\t\t<\/div>\n\t\t\t\t<\/div>\n\t\t\t\t\t<\/div>\n\t\t<\/div>\n\t\t\t\t<div class=\"elementor-column elementor-col-33 elementor-top-column elementor-element elementor-element-4836a4e\" data-id=\"4836a4e\" data-element_type=\"column\" data-e-type=\"column\">\n\t\t\t<div class=\"elementor-widget-wrap elementor-element-populated\">\n\t\t\t\t\t\t<div class=\"elementor-element elementor-element-55365e2 elementor-widget-tablet_extra__width-initial elementor-widget-mobile_extra__width-initial elementor-widget elementor-widget-heading\" data-id=\"55365e2\" data-element_type=\"widget\" data-e-type=\"widget\" data-widget_type=\"heading.default\">\n\t\t\t\t<div class=\"elementor-widget-container\">\n\t\t\t\t\t<h2 class=\"elementor-heading-title elementor-size-default\">Andre Figueiredo <br>&amp;<br> Ricardo Carvalho<\/h2>\t\t\t\t<\/div>\n\t\t\t\t<\/div>\n\t\t\t\t<div class=\"elementor-element elementor-element-72262cd elementor-widget elementor-widget-text-editor\" data-id=\"72262cd\" data-element_type=\"widget\" data-e-type=\"widget\" data-widget_type=\"text-editor.default\">\n\t\t\t\t<div class=\"elementor-widget-container\">\n\t\t\t\t\t\t\t\t\t<p>Managing Partners of R\u00e9gua Dupla<\/p>\t\t\t\t\t\t\t\t<\/div>\n\t\t\t\t<\/div>\n\t\t\t\t<div class=\"elementor-element elementor-element-cb01d1d elementor-align-center elementor-widget elementor-widget-button\" data-id=\"cb01d1d\" data-element_type=\"widget\" data-e-type=\"widget\" data-widget_type=\"button.default\">\n\t\t\t\t<div class=\"elementor-widget-container\">\n\t\t\t\t\t\t\t\t\t<div class=\"elementor-button-wrapper\">\n\t\t\t\t\t<a class=\"elementor-button elementor-button-link elementor-size-sm elementor-animation-hang\" href=\"https:\/\/reguadupla.pt\/en\/contact\/\">\n\t\t\t\t\t\t<span class=\"elementor-button-content-wrapper\">\n\t\t\t\t\t\t\t\t\t<span class=\"elementor-button-text\">Contacts \u27f6<\/span>\n\t\t\t\t\t<\/span>\n\t\t\t\t\t<\/a>\n\t\t\t\t<\/div>\n\t\t\t\t\t\t\t\t<\/div>\n\t\t\t\t<\/div>\n\t\t\t\t\t<\/div>\n\t\t<\/div>\n\t\t\t\t<div class=\"elementor-column elementor-col-33 elementor-top-column elementor-element elementor-element-fb611ea\" data-id=\"fb611ea\" data-element_type=\"column\" data-e-type=\"column\" data-settings=\"{&quot;background_background&quot;:&quot;classic&quot;}\">\n\t\t\t<div class=\"elementor-widget-wrap\">\n\t\t\t\t\t\t\t<\/div>\n\t\t<\/div>\n\t\t\t\t\t<\/div>\n\t\t<\/section>\n\t\t\t\t<section class=\"elementor-section elementor-top-section elementor-element elementor-element-8f71945 elementor-section-boxed elementor-section-height-default elementor-section-height-default\" data-id=\"8f71945\" data-element_type=\"section\" data-e-type=\"section\">\n\t\t\t\t\t\t<div class=\"elementor-container elementor-column-gap-default\">\n\t\t\t\t\t<div class=\"elementor-column elementor-col-100 elementor-top-column elementor-element elementor-element-8916fae\" data-id=\"8916fae\" data-element_type=\"column\" data-e-type=\"column\">\n\t\t\t<div class=\"elementor-widget-wrap elementor-element-populated\">\n\t\t\t\t\t\t<div class=\"elementor-element elementor-element-863ad2c elementor-invisible elementor-widget elementor-widget-heading\" data-id=\"863ad2c\" data-element_type=\"widget\" data-e-type=\"widget\" data-settings=\"{&quot;_animation&quot;:&quot;fadeIn&quot;,&quot;_animation_mobile&quot;:&quot;fadeInUp&quot;}\" data-widget_type=\"heading.default\">\n\t\t\t\t<div class=\"elementor-widget-container\">\n\t\t\t\t\t<h2 class=\"elementor-heading-title elementor-size-default\">The problem<\/h2>\t\t\t\t<\/div>\n\t\t\t\t<\/div>\n\t\t\t\t<div class=\"elementor-element elementor-element-9916972 elementor-widget elementor-widget-text-editor\" data-id=\"9916972\" data-element_type=\"widget\" data-e-type=\"widget\" data-settings=\"{&quot;_animation_mobile&quot;:&quot;fadeInUp&quot;}\" data-widget_type=\"text-editor.default\">\n\t\t\t\t<div class=\"elementor-widget-container\">\n\t\t\t\t\t\t\t\t\t<p class=\"p1\">These days, we don&#039;t have much free time, for a variety of reasons, and this situation makes it difficult to make the right decisions, with many of these decisions related to the places where we spend most of the day or simply our own home.<\/p><p class=\"p1\">It becomes a demanding task, for most people, to make the right choice of the type of products and the choice of the most suitable materials for their design, leading you to invest your money in a solution that may not meet your needs. needs. The lack of time and experience also leads him to make common mistakes, in terms of aesthetics and design. In this last point we talk about designing and applying a product that is or creates harmony with your space. Our company will help you with all these points!<\/p>\t\t\t\t\t\t\t\t<\/div>\n\t\t\t\t<\/div>\n\t\t\t\t<div class=\"elementor-element elementor-element-c4100db elementor-invisible elementor-widget elementor-widget-heading\" data-id=\"c4100db\" data-element_type=\"widget\" data-e-type=\"widget\" data-settings=\"{&quot;_animation&quot;:&quot;fadeIn&quot;,&quot;_animation_mobile&quot;:&quot;fadeInUp&quot;}\" data-widget_type=\"heading.default\">\n\t\t\t\t<div class=\"elementor-widget-container\">\n\t\t\t\t\t<h2 class=\"elementor-heading-title elementor-size-default\">The reward<\/h2>\t\t\t\t<\/div>\n\t\t\t\t<\/div>\n\t\t\t\t<div class=\"elementor-element elementor-element-329280d elementor-widget elementor-widget-text-editor\" data-id=\"329280d\" data-element_type=\"widget\" data-e-type=\"widget\" data-settings=\"{&quot;_animation_mobile&quot;:&quot;fadeInUp&quot;}\" data-widget_type=\"text-editor.default\">\n\t\t\t\t<div class=\"elementor-widget-container\">\n\t\t\t\t\t\t\t\t\t<p class=\"p1\">At our company, when you buy any product or service, you are entitled, and we insist, that you receive advice that will help you make the right choices in selecting the product you want. In addition, whenever you need it, our very experienced technical team is at your disposal to help you in any after-sales situation.<\/p>\t\t\t\t\t\t\t\t<\/div>\n\t\t\t\t<\/div>\n\t\t\t\t\t<\/div>\n\t\t<\/div>\n\t\t\t\t\t<\/div>\n\t\t<\/section>\n\t\t\t\t<\/div>","protected":false},"excerpt":{"rendered":"<p>Sobre n\u00f3s A R\u00e9gua Dupla Somos uma empresa sediada no concelho de Barcelos mais precisamente na freguesia de S. Ver\u00edssimo. Apesar de a R\u00e9gua Dupla ser uma marca recente no mercado, \u00e9 uma empresa composta por elementos j\u00e1 com mais de 10 anos de experi\u00eancia no mercado, mercado este que tem vindo a ser cada [&hellip;]<\/p>\n","protected":false},"author":1,"featured_media":0,"parent":0,"menu_order":0,"comment_status":"closed","ping_status":"closed","template":"elementor_canvas","meta":{"_monsterinsights_skip_tracking":false,"_monsterinsights_sitenote_active":false,"_monsterinsights_sitenote_note":"","_monsterinsights_sitenote_category":0,"footnotes":""},"class_list":["post-3997","page","type-page","status-publish","hentry"],"yoast_head":"<!-- This site is optimized with the Yoast SEO plugin v27.4 - https:\/\/yoast.com\/product\/yoast-seo-wordpress\/ -->\n<title>Sobre n\u00f3s | Conhe\u00e7a-nos e perceba o que nos motiva<\/title>\n<meta name=\"description\" content=\"Colocamos as pessoas, fam\u00edlias e os seus interesses no centro de tudo o que criamos. Conhe\u00e7a os nossos princ\u00edpios, perceba o porqu\u00ea da nossa dedica\u00e7\u00e3o e a nossa vontade em o ajuda no seu projeto.\" \/>\n<meta name=\"robots\" content=\"index, follow, max-snippet:-1, max-image-preview:large, max-video-preview:-1\" \/>\n<link rel=\"canonical\" href=\"https:\/\/reguadupla.pt\/en\/about\/\" \/>\n<meta property=\"og:locale\" content=\"en_GB\" \/>\n<meta property=\"og:type\" content=\"article\" \/>\n<meta property=\"og:title\" content=\"Sobre n\u00f3s | Conhe\u00e7a-nos e perceba o que nos motiva\" \/>\n<meta property=\"og:description\" content=\"Colocamos as pessoas, fam\u00edlias e os seus interesses no centro de tudo o que criamos. Conhe\u00e7a os nossos princ\u00edpios, perceba o porqu\u00ea da nossa dedica\u00e7\u00e3o e a nossa vontade em o ajuda no seu projeto.\" \/>\n<meta property=\"og:url\" content=\"https:\/\/reguadupla.pt\/en\/about\/\" \/>\n<meta property=\"og:site_name\" content=\"R\u00e9gua Dupla\" \/>\n<meta property=\"article:publisher\" content=\"https:\/\/www.facebook.com\/regua.dupla.estores\/\" \/>\n<meta property=\"article:modified_time\" content=\"2023-04-17T13:31:32+00:00\" \/>\n<meta property=\"og:image\" content=\"https:\/\/reguadupla.pt\/wp-content\/uploads\/2023\/03\/Ativo-2.png\" \/>\n\t<meta property=\"og:image:width\" content=\"2836\" \/>\n\t<meta property=\"og:image:height\" content=\"1032\" \/>\n\t<meta property=\"og:image:type\" content=\"image\/png\" \/>\n<meta name=\"twitter:card\" content=\"summary_large_image\" \/>\n<meta name=\"twitter:label1\" content=\"Estimated reading time\" \/>\n\t<meta name=\"twitter:data1\" content=\"3 minutes\" \/>\n<script type=\"application\/ld+json\" class=\"yoast-schema-graph\">{\"@context\":\"https:\\\/\\\/schema.org\",\"@graph\":[{\"@type\":\"WebPage\",\"@id\":\"https:\\\/\\\/reguadupla.pt\\\/about\\\/\",\"url\":\"https:\\\/\\\/reguadupla.pt\\\/about\",\"name\":\"Sobre n\u00f3s | Conhe\u00e7a-nos e perceba o que nos motiva\",\"isPartOf\":{\"@id\":\"https:\\\/\\\/reguadupla.pt\\\/#website\"},\"datePublished\":\"2023-03-08T08:04:35+00:00\",\"dateModified\":\"2023-04-17T13:31:32+00:00\",\"description\":\"Colocamos as pessoas, fam\u00edlias e os seus interesses no centro de tudo o que criamos. Conhe\u00e7a os nossos princ\u00edpios, perceba o porqu\u00ea da nossa dedica\u00e7\u00e3o e a nossa vontade em o ajuda no seu projeto.\",\"breadcrumb\":{\"@id\":\"https:\\\/\\\/reguadupla.pt\\\/about#breadcrumb\"},\"inLanguage\":\"en-GB\",\"potentialAction\":[{\"@type\":\"ReadAction\",\"target\":[\"https:\\\/\\\/reguadupla.pt\\\/about\"]}]},{\"@type\":\"BreadcrumbList\",\"@id\":\"https:\\\/\\\/reguadupla.pt\\\/about#breadcrumb\",\"itemListElement\":[{\"@type\":\"ListItem\",\"position\":1,\"name\":\"In\u00edcio\",\"item\":\"https:\\\/\\\/reguadupla.pt\\\/\"},{\"@type\":\"ListItem\",\"position\":2,\"name\":\"Sobre n\u00f3s\"}]},{\"@type\":\"WebSite\",\"@id\":\"https:\\\/\\\/reguadupla.pt\\\/#website\",\"url\":\"https:\\\/\\\/reguadupla.pt\\\/\",\"name\":\"R\u00e9gua Dupla\",\"description\":\"Estores e Prote\u00e7\u00f5es Solares\",\"publisher\":{\"@id\":\"https:\\\/\\\/reguadupla.pt\\\/#organization\"},\"potentialAction\":[{\"@type\":\"SearchAction\",\"target\":{\"@type\":\"EntryPoint\",\"urlTemplate\":\"https:\\\/\\\/reguadupla.pt\\\/?s={search_term_string}\"},\"query-input\":{\"@type\":\"PropertyValueSpecification\",\"valueRequired\":true,\"valueName\":\"search_term_string\"}}],\"inLanguage\":\"en-GB\"},{\"@type\":\"Organization\",\"@id\":\"https:\\\/\\\/reguadupla.pt\\\/#organization\",\"name\":\"R\u00e9gua Dupla - Estores e Prote\u00e7\u00f5es Solares, Lda\",\"url\":\"https:\\\/\\\/reguadupla.pt\\\/\",\"logo\":{\"@type\":\"ImageObject\",\"inLanguage\":\"en-GB\",\"@id\":\"https:\\\/\\\/reguadupla.pt\\\/#\\\/schema\\\/logo\\\/image\\\/\",\"url\":\"https:\\\/\\\/reguadupla.pt\\\/wp-content\\\/uploads\\\/2023\\\/01\\\/cropped-logo-regua-dupla-cor-1_page-0001-e1675360539841.jpg\",\"contentUrl\":\"https:\\\/\\\/reguadupla.pt\\\/wp-content\\\/uploads\\\/2023\\\/01\\\/cropped-logo-regua-dupla-cor-1_page-0001-e1675360539841.jpg\",\"width\":479,\"height\":182,\"caption\":\"R\u00e9gua Dupla - Estores e Prote\u00e7\u00f5es Solares, Lda\"},\"image\":{\"@id\":\"https:\\\/\\\/reguadupla.pt\\\/#\\\/schema\\\/logo\\\/image\\\/\"},\"sameAs\":[\"https:\\\/\\\/www.facebook.com\\\/regua.dupla.estores\\\/\",\"https:\\\/\\\/www.linkedin.com\\\/in\\\/regua-dupla\\\/\"]}]}<\/script>\n<!-- \/ Yoast SEO plugin. -->","yoast_head_json":{"title":"Sobre n\u00f3s | Conhe\u00e7a-nos e perceba o que nos motiva","description":"Colocamos as pessoas, fam\u00edlias e os seus interesses no centro de tudo o que criamos. Conhe\u00e7a os nossos princ\u00edpios, perceba o porqu\u00ea da nossa dedica\u00e7\u00e3o e a nossa vontade em o ajuda no seu projeto.","robots":{"index":"index","follow":"follow","max-snippet":"max-snippet:-1","max-image-preview":"max-image-preview:large","max-video-preview":"max-video-preview:-1"},"canonical":"https:\/\/reguadupla.pt\/en\/about\/","og_locale":"en_GB","og_type":"article","og_title":"Sobre n\u00f3s | Conhe\u00e7a-nos e perceba o que nos motiva","og_description":"Colocamos as pessoas, fam\u00edlias e os seus interesses no centro de tudo o que criamos. Conhe\u00e7a os nossos princ\u00edpios, perceba o porqu\u00ea da nossa dedica\u00e7\u00e3o e a nossa vontade em o ajuda no seu projeto.","og_url":"https:\/\/reguadupla.pt\/en\/about\/","og_site_name":"R\u00e9gua Dupla","article_publisher":"https:\/\/www.facebook.com\/regua.dupla.estores\/","article_modified_time":"2023-04-17T13:31:32+00:00","og_image":[{"width":2836,"height":1032,"url":"https:\/\/reguadupla.pt\/wp-content\/uploads\/2023\/03\/Ativo-2.png","type":"image\/png"}],"twitter_card":"summary_large_image","twitter_misc":{"Estimated reading time":"3 minutes"},"schema":{"@context":"https:\/\/schema.org","@graph":[{"@type":"WebPage","@id":"https:\/\/reguadupla.pt\/about\/","url":"https:\/\/reguadupla.pt\/about","name":"Sobre n\u00f3s | Conhe\u00e7a-nos e perceba o que nos motiva","isPartOf":{"@id":"https:\/\/reguadupla.pt\/#website"},"datePublished":"2023-03-08T08:04:35+00:00","dateModified":"2023-04-17T13:31:32+00:00","description":"Colocamos as pessoas, fam\u00edlias e os seus interesses no centro de tudo o que criamos. Conhe\u00e7a os nossos princ\u00edpios, perceba o porqu\u00ea da nossa dedica\u00e7\u00e3o e a nossa vontade em o ajuda no seu projeto.","breadcrumb":{"@id":"https:\/\/reguadupla.pt\/about#breadcrumb"},"inLanguage":"en-GB","potentialAction":[{"@type":"ReadAction","target":["https:\/\/reguadupla.pt\/about"]}]},{"@type":"BreadcrumbList","@id":"https:\/\/reguadupla.pt\/about#breadcrumb","itemListElement":[{"@type":"ListItem","position":1,"name":"In\u00edcio","item":"https:\/\/reguadupla.pt\/"},{"@type":"ListItem","position":2,"name":"Sobre n\u00f3s"}]},{"@type":"WebSite","@id":"https:\/\/reguadupla.pt\/#website","url":"https:\/\/reguadupla.pt\/","name":"double ruler","description":"Estores e Prote\u00e7\u00f5es Solares","publisher":{"@id":"https:\/\/reguadupla.pt\/#organization"},"potentialAction":[{"@type":"SearchAction","target":{"@type":"EntryPoint","urlTemplate":"https:\/\/reguadupla.pt\/?s={search_term_string}"},"query-input":{"@type":"PropertyValueSpecification","valueRequired":true,"valueName":"search_term_string"}}],"inLanguage":"en-GB"},{"@type":"Organization","@id":"https:\/\/reguadupla.pt\/#organization","name":"R\u00e9gua Dupla - Estores e Prote\u00e7\u00f5es Solares, Lda","url":"https:\/\/reguadupla.pt\/","logo":{"@type":"ImageObject","inLanguage":"en-GB","@id":"https:\/\/reguadupla.pt\/#\/schema\/logo\/image\/","url":"https:\/\/reguadupla.pt\/wp-content\/uploads\/2023\/01\/cropped-logo-regua-dupla-cor-1_page-0001-e1675360539841.jpg","contentUrl":"https:\/\/reguadupla.pt\/wp-content\/uploads\/2023\/01\/cropped-logo-regua-dupla-cor-1_page-0001-e1675360539841.jpg","width":479,"height":182,"caption":"R\u00e9gua Dupla - Estores e Prote\u00e7\u00f5es Solares, Lda"},"image":{"@id":"https:\/\/reguadupla.pt\/#\/schema\/logo\/image\/"},"sameAs":["https:\/\/www.facebook.com\/regua.dupla.estores\/","https:\/\/www.linkedin.com\/in\/regua-dupla\/"]}]}},"_links":{"self":[{"href":"https:\/\/reguadupla.pt\/en\/wp-json\/wp\/v2\/pages\/3997","targetHints":{"allow":["GET"]}}],"collection":[{"href":"https:\/\/reguadupla.pt\/en\/wp-json\/wp\/v2\/pages"}],"about":[{"href":"https:\/\/reguadupla.pt\/en\/wp-json\/wp\/v2\/types\/page"}],"author":[{"embeddable":true,"href":"https:\/\/reguadupla.pt\/en\/wp-json\/wp\/v2\/users\/1"}],"replies":[{"embeddable":true,"href":"https:\/\/reguadupla.pt\/en\/wp-json\/wp\/v2\/comments?post=3997"}],"version-history":[{"count":160,"href":"https:\/\/reguadupla.pt\/en\/wp-json\/wp\/v2\/pages\/3997\/revisions"}],"predecessor-version":[{"id":5445,"href":"https:\/\/reguadupla.pt\/en\/wp-json\/wp\/v2\/pages\/3997\/revisions\/5445"}],"wp:attachment":[{"href":"https:\/\/reguadupla.pt\/en\/wp-json\/wp\/v2\/media?parent=3997"}],"curies":[{"name":"wp","href":"https:\/\/api.w.org\/{rel}","templated":true}]}}