{"id":3297,"date":"2023-02-28T22:46:58","date_gmt":"2023-02-28T22:46:58","guid":{"rendered":"https:\/\/clientes.migrapixel.pt\/regua-dupla\/?page_id=3297"},"modified":"2023-03-19T15:25:24","modified_gmt":"2023-03-19T15:25:24","slug":"cookies-policy","status":"publish","type":"page","link":"https:\/\/reguadupla.pt\/en\/cookies-policy\/","title":{"rendered":"Cookie Policy"},"content":{"rendered":"<div data-elementor-type=\"wp-page\" data-elementor-id=\"3297\" class=\"elementor elementor-3297\">\n\t\t\t\t\t\t<section class=\"elementor-section elementor-top-section elementor-element elementor-element-b8fe35a elementor-section-boxed elementor-section-height-default elementor-section-height-default\" data-id=\"b8fe35a\" data-element_type=\"section\" data-e-type=\"section\">\n\t\t\t\t\t\t<div class=\"elementor-container elementor-column-gap-default\">\n\t\t\t\t\t<div class=\"elementor-column elementor-col-100 elementor-top-column elementor-element elementor-element-cf2bd2f\" data-id=\"cf2bd2f\" data-element_type=\"column\" data-e-type=\"column\">\n\t\t\t<div class=\"elementor-widget-wrap elementor-element-populated\">\n\t\t\t\t\t\t<div class=\"elementor-element elementor-element-abe602b elementor-widget elementor-widget-html\" data-id=\"abe602b\" data-element_type=\"widget\" data-e-type=\"widget\" data-widget_type=\"html.default\">\n\t\t\t\t<div class=\"elementor-widget-container\">\n\t\t\t\t\t\n<h1 class=\"cookie-policy-h1\">Cookie Policy<\/h1>\n<p>\n    Creation date: 28-Feb-2023 <br>\n    Last update: 28-Feb-2023\n<\/p>\n\n&nbsp;\n<h5>What are Cookies?<\/h5>\n<div class=\"cookie-policy-p\"><p>This Cookie Policy explains what cookies are and how we use them, the types of cookies we use, i.e. what information we collect using cookies, how that information is used and how to control cookie settings.<\/p> <p>Cookies are small text files used to store small pieces of information. They are stored on your device when the website loads in your browser. These cookies help make the website work properly, make it more secure, provide a better user experience, understand how the website works, analyze what works and where it needs improvement.<\/p><\/div>\n\n&nbsp;\n<h5>How do we use Cookies?<\/h5>\n<div class=\"cookie-policy-p\"><p>Like most online services, our website uses first-party and third-party cookies for a variety of purposes. First-party cookies are primarily necessary for the website to function properly and do not collect any of your personally identifiable information.<\/p> <p>The third-party cookies used on our website are primarily for understanding the performance of the website, how you interact with our website, keeping our services secure, providing advertisements that are relevant to you and, in short, providing you with an ever better user experience and helping to speed up your future interactions with our website.<\/p><\/div>\n\n&nbsp;\n    <h5>Types of Cookies we use<\/h5>\n\n    <div class=\"cky-audit-table-element\"><\/div>\n\n&nbsp;\n    <h5 style=\"margin-bottom:20px;\">Configure cookie settings<\/h5>\n\n    <a class=\"cky-banner-element\">cookie settings<\/a> <br\/>\n\n    <div><p>You can change your cookie preferences at any time by clicking the button above. This will allow you to review the cookie consent banner and change your preferences or withdraw your consent immediately.<\/p><p>Furthermore, different browsers provide different methods for blocking and deleting cookies used by websites. You can change your browser settings to block\/delete cookies. Listed below are links to support documents on how to set and delete cookies for major web browsers.<\/p><p>Chrome: <a target=\"_blank\" rel=\"noopener noreferrer\" href=\"https:\/\/support.google.com\/accounts\/answer\/32050\">https:\/\/support.google.com\/accounts\/answer\/32050<\/a><\/p><p>Safari: <a target=\"_blank\" rel=\"noopener noreferrer\" href=\"https:\/\/support.apple.com\/en-in\/guide\/safari\/sfri11471\/mac\">https:\/\/support.apple.com\/en-in\/guide\/safari\/sfri11471\/mac<\/a><\/p><p>Firefox: <a target=\"_blank\" rel=\"noopener noreferrer\" href=\"https:\/\/support.mozilla.org\/en-US\/kb\/clear-cookies-and-site-data-firefox?redirectslug=delete-cookies-remove-info-websites-stored&amp;redirectlocale=en-US\">https:\/\/support.mozilla.org\/en-US\/kb\/clear-cookies-and-site-data-firefox?redirectslug=delete-cookies-remove-info-websites-stored&amp;redirectlocale=en-US<\/a><\/p><p>Internet Explorer: <a target=\"_blank\" rel=\"noopener noreferrer\" href=\"https:\/\/support.microsoft.com\/en-us\/topic\/how-to-delete-cookie-files-in-internet-explorer-bca9446f-d873-78de-77ba-d42645fa52fc\">https:\/\/support.microsoft.com\/en-us\/topic\/how-to-delete-cookie-files-in-internet-explorer-bca9446f-d873-78de-77ba-d42645fa52fc<\/a><\/p><p>If you are using another web browser, visit your browser&#039;s official support documents.<\/p><\/div>\n\t\t\t\t<\/div>\n\t\t\t\t<\/div>\n\t\t\t\t\t<\/div>\n\t\t<\/div>\n\t\t\t\t\t<\/div>\n\t\t<\/section>\n\t\t\t\t<\/div>","protected":false},"excerpt":{"rendered":"<p>Pol\u00edtica de Cookies Data de cria\u00e7\u00e3o: 28-Feb-2023 \u00daltima atualiza\u00e7\u00e3o: 28-Feb-2023 &nbsp; O que s\u00e3o Cookies? Esta Pol\u00edtica de Cookies explica o que s\u00e3o cookies e como os usamos, os tipos de cookies que usamos, ou seja, as informa\u00e7\u00f5es que recolhemos usando cookies, como essas informa\u00e7\u00f5es s\u00e3o usadas e como controlar as configura\u00e7\u00f5es de cookies. Cookies [&hellip;]<\/p>\n","protected":false},"author":1,"featured_media":0,"parent":0,"menu_order":0,"comment_status":"closed","ping_status":"closed","template":"elementor_canvas","meta":{"_monsterinsights_skip_tracking":false,"_monsterinsights_sitenote_active":false,"_monsterinsights_sitenote_note":"","_monsterinsights_sitenote_category":0,"footnotes":""},"class_list":["post-3297","page","type-page","status-publish","hentry"],"yoast_head":"<!-- This site is optimized with the Yoast SEO plugin v27.5 - https:\/\/yoast.com\/product\/yoast-seo-wordpress\/ -->\n<title>| R\u00e9gua Dupla<\/title>\n<meta name=\"robots\" content=\"noindex, nofollow\" \/>\n<meta property=\"og:locale\" content=\"en_GB\" \/>\n<meta property=\"og:type\" content=\"article\" \/>\n<meta property=\"og:title\" content=\"| R\u00e9gua Dupla\" \/>\n<meta property=\"og:description\" content=\"Pol\u00edtica de Cookies Data de cria\u00e7\u00e3o: 28-Feb-2023 \u00daltima atualiza\u00e7\u00e3o: 28-Feb-2023 &nbsp; O que s\u00e3o Cookies? Esta Pol\u00edtica de Cookies explica o que s\u00e3o cookies e como os usamos, os tipos de cookies que usamos, ou seja, as informa\u00e7\u00f5es que recolhemos usando cookies, como essas informa\u00e7\u00f5es s\u00e3o usadas e como controlar as configura\u00e7\u00f5es de cookies. Cookies [&hellip;]\" \/>\n<meta property=\"og:url\" content=\"https:\/\/reguadupla.pt\/en\/cookies-policy\/\" \/>\n<meta property=\"og:site_name\" content=\"R\u00e9gua Dupla\" \/>\n<meta property=\"article:publisher\" content=\"https:\/\/www.facebook.com\/regua.dupla.estores\/\" \/>\n<meta property=\"article:modified_time\" content=\"2023-03-19T15:25:24+00:00\" \/>\n<meta property=\"og:image\" content=\"https:\/\/reguadupla.pt\/wp-content\/uploads\/2023\/03\/Ativo-2.png\" \/>\n\t<meta property=\"og:image:width\" content=\"2836\" \/>\n\t<meta property=\"og:image:height\" content=\"1032\" \/>\n\t<meta property=\"og:image:type\" content=\"image\/png\" \/>\n<meta name=\"twitter:card\" content=\"summary_large_image\" \/>\n<meta name=\"twitter:label1\" content=\"Estimated reading time\" \/>\n\t<meta name=\"twitter:data1\" content=\"2 minutes\" \/>\n<script type=\"application\/ld+json\" class=\"yoast-schema-graph\">{\"@context\":\"https:\\\/\\\/schema.org\",\"@graph\":[{\"@type\":\"WebPage\",\"@id\":\"https:\\\/\\\/reguadupla.pt\\\/cookies-policy\\\/\",\"url\":\"https:\\\/\\\/reguadupla.pt\\\/cookies-policy\\\/\",\"name\":\"| R\u00e9gua Dupla\",\"isPartOf\":{\"@id\":\"https:\\\/\\\/reguadupla.pt\\\/#website\"},\"datePublished\":\"2023-02-28T22:46:58+00:00\",\"dateModified\":\"2023-03-19T15:25:24+00:00\",\"breadcrumb\":{\"@id\":\"https:\\\/\\\/reguadupla.pt\\\/cookies-policy\\\/#breadcrumb\"},\"inLanguage\":\"en-GB\",\"potentialAction\":[{\"@type\":\"ReadAction\",\"target\":[\"https:\\\/\\\/reguadupla.pt\\\/cookies-policy\\\/\"]}]},{\"@type\":\"BreadcrumbList\",\"@id\":\"https:\\\/\\\/reguadupla.pt\\\/cookies-policy\\\/#breadcrumb\",\"itemListElement\":[{\"@type\":\"ListItem\",\"position\":1,\"name\":\"In\u00edcio\",\"item\":\"https:\\\/\\\/reguadupla.pt\\\/\"},{\"@type\":\"ListItem\",\"position\":2,\"name\":\"Pol\u00edtica de Cookies\"}]},{\"@type\":\"WebSite\",\"@id\":\"https:\\\/\\\/reguadupla.pt\\\/#website\",\"url\":\"https:\\\/\\\/reguadupla.pt\\\/\",\"name\":\"R\u00e9gua Dupla\",\"description\":\"Estores e Prote\u00e7\u00f5es Solares\",\"publisher\":{\"@id\":\"https:\\\/\\\/reguadupla.pt\\\/#organization\"},\"potentialAction\":[{\"@type\":\"SearchAction\",\"target\":{\"@type\":\"EntryPoint\",\"urlTemplate\":\"https:\\\/\\\/reguadupla.pt\\\/?s={search_term_string}\"},\"query-input\":{\"@type\":\"PropertyValueSpecification\",\"valueRequired\":true,\"valueName\":\"search_term_string\"}}],\"inLanguage\":\"en-GB\"},{\"@type\":\"Organization\",\"@id\":\"https:\\\/\\\/reguadupla.pt\\\/#organization\",\"name\":\"R\u00e9gua Dupla - Estores e Prote\u00e7\u00f5es Solares, Lda\",\"url\":\"https:\\\/\\\/reguadupla.pt\\\/\",\"logo\":{\"@type\":\"ImageObject\",\"inLanguage\":\"en-GB\",\"@id\":\"https:\\\/\\\/reguadupla.pt\\\/#\\\/schema\\\/logo\\\/image\\\/\",\"url\":\"https:\\\/\\\/reguadupla.pt\\\/wp-content\\\/uploads\\\/2023\\\/01\\\/cropped-logo-regua-dupla-cor-1_page-0001-e1675360539841.jpg\",\"contentUrl\":\"https:\\\/\\\/reguadupla.pt\\\/wp-content\\\/uploads\\\/2023\\\/01\\\/cropped-logo-regua-dupla-cor-1_page-0001-e1675360539841.jpg\",\"width\":479,\"height\":182,\"caption\":\"R\u00e9gua Dupla - Estores e Prote\u00e7\u00f5es Solares, Lda\"},\"image\":{\"@id\":\"https:\\\/\\\/reguadupla.pt\\\/#\\\/schema\\\/logo\\\/image\\\/\"},\"sameAs\":[\"https:\\\/\\\/www.facebook.com\\\/regua.dupla.estores\\\/\",\"https:\\\/\\\/www.linkedin.com\\\/in\\\/regua-dupla\\\/\"]}]}<\/script>\n<!-- \/ Yoast SEO plugin. -->","yoast_head_json":{"title":"| R\u00e9gua Dupla","robots":{"index":"noindex","follow":"nofollow"},"og_locale":"en_GB","og_type":"article","og_title":"| R\u00e9gua Dupla","og_description":"Pol\u00edtica de Cookies Data de cria\u00e7\u00e3o: 28-Feb-2023 \u00daltima atualiza\u00e7\u00e3o: 28-Feb-2023 &nbsp; O que s\u00e3o Cookies? Esta Pol\u00edtica de Cookies explica o que s\u00e3o cookies e como os usamos, os tipos de cookies que usamos, ou seja, as informa\u00e7\u00f5es que recolhemos usando cookies, como essas informa\u00e7\u00f5es s\u00e3o usadas e como controlar as configura\u00e7\u00f5es de cookies. Cookies [&hellip;]","og_url":"https:\/\/reguadupla.pt\/en\/cookies-policy\/","og_site_name":"R\u00e9gua Dupla","article_publisher":"https:\/\/www.facebook.com\/regua.dupla.estores\/","article_modified_time":"2023-03-19T15:25:24+00:00","og_image":[{"width":2836,"height":1032,"url":"https:\/\/reguadupla.pt\/wp-content\/uploads\/2023\/03\/Ativo-2.png","type":"image\/png"}],"twitter_card":"summary_large_image","twitter_misc":{"Estimated reading time":"2 minutes"},"schema":{"@context":"https:\/\/schema.org","@graph":[{"@type":"WebPage","@id":"https:\/\/reguadupla.pt\/cookies-policy\/","url":"https:\/\/reguadupla.pt\/cookies-policy\/","name":"| R\u00e9gua Dupla","isPartOf":{"@id":"https:\/\/reguadupla.pt\/#website"},"datePublished":"2023-02-28T22:46:58+00:00","dateModified":"2023-03-19T15:25:24+00:00","breadcrumb":{"@id":"https:\/\/reguadupla.pt\/cookies-policy\/#breadcrumb"},"inLanguage":"en-GB","potentialAction":[{"@type":"ReadAction","target":["https:\/\/reguadupla.pt\/cookies-policy\/"]}]},{"@type":"BreadcrumbList","@id":"https:\/\/reguadupla.pt\/cookies-policy\/#breadcrumb","itemListElement":[{"@type":"ListItem","position":1,"name":"In\u00edcio","item":"https:\/\/reguadupla.pt\/"},{"@type":"ListItem","position":2,"name":"Pol\u00edtica de Cookies"}]},{"@type":"WebSite","@id":"https:\/\/reguadupla.pt\/#website","url":"https:\/\/reguadupla.pt\/","name":"double ruler","description":"Estores e Prote\u00e7\u00f5es Solares","publisher":{"@id":"https:\/\/reguadupla.pt\/#organization"},"potentialAction":[{"@type":"SearchAction","target":{"@type":"EntryPoint","urlTemplate":"https:\/\/reguadupla.pt\/?s={search_term_string}"},"query-input":{"@type":"PropertyValueSpecification","valueRequired":true,"valueName":"search_term_string"}}],"inLanguage":"en-GB"},{"@type":"Organization","@id":"https:\/\/reguadupla.pt\/#organization","name":"R\u00e9gua Dupla - Estores e Prote\u00e7\u00f5es Solares, Lda","url":"https:\/\/reguadupla.pt\/","logo":{"@type":"ImageObject","inLanguage":"en-GB","@id":"https:\/\/reguadupla.pt\/#\/schema\/logo\/image\/","url":"https:\/\/reguadupla.pt\/wp-content\/uploads\/2023\/01\/cropped-logo-regua-dupla-cor-1_page-0001-e1675360539841.jpg","contentUrl":"https:\/\/reguadupla.pt\/wp-content\/uploads\/2023\/01\/cropped-logo-regua-dupla-cor-1_page-0001-e1675360539841.jpg","width":479,"height":182,"caption":"R\u00e9gua Dupla - Estores e Prote\u00e7\u00f5es Solares, Lda"},"image":{"@id":"https:\/\/reguadupla.pt\/#\/schema\/logo\/image\/"},"sameAs":["https:\/\/www.facebook.com\/regua.dupla.estores\/","https:\/\/www.linkedin.com\/in\/regua-dupla\/"]}]}},"_links":{"self":[{"href":"https:\/\/reguadupla.pt\/en\/wp-json\/wp\/v2\/pages\/3297","targetHints":{"allow":["GET"]}}],"collection":[{"href":"https:\/\/reguadupla.pt\/en\/wp-json\/wp\/v2\/pages"}],"about":[{"href":"https:\/\/reguadupla.pt\/en\/wp-json\/wp\/v2\/types\/page"}],"author":[{"embeddable":true,"href":"https:\/\/reguadupla.pt\/en\/wp-json\/wp\/v2\/users\/1"}],"replies":[{"embeddable":true,"href":"https:\/\/reguadupla.pt\/en\/wp-json\/wp\/v2\/comments?post=3297"}],"version-history":[{"count":24,"href":"https:\/\/reguadupla.pt\/en\/wp-json\/wp\/v2\/pages\/3297\/revisions"}],"predecessor-version":[{"id":5206,"href":"https:\/\/reguadupla.pt\/en\/wp-json\/wp\/v2\/pages\/3297\/revisions\/5206"}],"wp:attachment":[{"href":"https:\/\/reguadupla.pt\/en\/wp-json\/wp\/v2\/media?parent=3297"}],"curies":[{"name":"wp","href":"https:\/\/api.w.org\/{rel}","templated":true}]}}