{"id":3,"date":"2023-01-21T22:12:10","date_gmt":"2023-01-21T22:12:10","guid":{"rendered":"https:\/\/clientes.migrapixel.pt\/regua-dupla\/?page_id=3"},"modified":"2023-03-19T15:25:48","modified_gmt":"2023-03-19T15:25:48","slug":"privacy-policy","status":"publish","type":"page","link":"https:\/\/reguadupla.pt\/en\/privacy-policy\/","title":{"rendered":"Privacy Policy"},"content":{"rendered":"<div data-elementor-type=\"wp-page\" data-elementor-id=\"3\" class=\"elementor elementor-3\">\n\t\t\t\t\t\t<section class=\"elementor-section elementor-top-section elementor-element elementor-element-f254aa3 elementor-section-boxed elementor-section-height-default elementor-section-height-default\" data-id=\"f254aa3\" data-element_type=\"section\" data-e-type=\"section\">\n\t\t\t\t\t\t<div class=\"elementor-container elementor-column-gap-default\">\n\t\t\t\t\t<div class=\"elementor-column elementor-col-100 elementor-top-column elementor-element elementor-element-cdc52bd\" data-id=\"cdc52bd\" data-element_type=\"column\" data-e-type=\"column\">\n\t\t\t<div class=\"elementor-widget-wrap elementor-element-populated\">\n\t\t\t\t\t\t<div class=\"elementor-element elementor-element-bde913d elementor-widget elementor-widget-html\" data-id=\"bde913d\" data-element_type=\"widget\" data-e-type=\"widget\" data-widget_type=\"html.default\">\n\t\t\t\t<div class=\"elementor-widget-container\">\n\t\t\t\t\t<h1 class=\"privacy-policy-h1\">Privacy Policy\n<br><span>Last Update on 03-Mar-2023<\/span>\n<br><span>Creation date 03-Mar-2023<\/span>\n<\/h1>\n\n<p class=\"privacy-policy-p\">\n    This Privacy Policy describes the policies of:<br><br>\n\n     Double Ruler - Blinds and Solar Protections, Lda<br>\n     Rua do Moinho Novo, 218 - Tamel (Sao Verissimo)<br>\n     Barcelos 4750-875, Portugal<br>\n     E-mail: geral@reguadupla.pt<br>\n     Phone: 51 961 505 828<br><br>\n\n     ... in the collection, use and disclosure of your information that we obtain when you use our website (https:\/\/reguadupla.pt). (the Service&quot;). By accessing or using the Service, you consent to the collection, use and disclosure of your information in accordance with this Privacy Policy. If you do not consent to the same, please do not access or use the Service .\n<\/p>\n\n<p class=\"privacy-policy-p\">\nWe may modify this Privacy Policy at any time without any prior notice to you and will post the updated version of the Privacy Policy on the Service. The updated Policy will be effective 180 days from the date the updated Policy is posted on the Service, and your continued access to or use of the Service after that period will constitute your acceptance of the updated Privacy Policy. Therefore, we recommend that you periodically review this page.\n<\/p>\n\n<ol class=\"privacy-policy-ol\">\n    \n    \n\n        <li>\n        <h2 class=\"privacy-policy-h2\">\n            How we use your information:\n        <\/h2>\n        <p class=\"privacy-policy-p\">\n           We will use the information we obtain about you for the following purposes:\n        <\/p>\n        <ol class=\"privacy-policy-ol\">\n\n                        <li>Marketing\/ Promotions<\/li>\n            \n            \n            \n            \n            \n            \n            \n                        <li>administration information<\/li>\n            \n                        <li>targeted advertising<\/li>\n            \n            \n                        <li>website protection<\/li>\n            \n            \n            \n            \n        <\/ol>\n        <p class=\"privacy-policy-p\">\n            If we want to use your information for any other purpose, we will ask for your consent and we will only use your information upon receiving your consent and then only for the purpose(s) for which you gave the consent, unless we are required to do so by law.\n        <\/p>\n    <\/li>\n    \n    \n\n    \n    <li>\n        <h2 class=\"privacy-policy-h2\">\n            Your rights:\n        <\/h2>\n        <p class=\"privacy-policy-p\">\n            Depending on the law that applies, you may be entitled to access and rectification or deletion of your personal data or receive a copy of your personal data, to restrict or object to the active processing of your data, ask us to share your information to another entity, withdrawing any consent you have given us to process your data, a right to file a complaint with a state authority and such other rights as may be relevant under applicable law. To exercise these rights, you can write to geral@reguadupla.pt. We will respond to your request in accordance with applicable law.\n        <\/p>\n\n                <p class=\"privacy-policy-p\">\n           You can choose not to make direct marketing communications or the profile we create for marketing, writing to geral@reguadupla.pt.\n        <\/p>\n        \n        <p class=\"privacy-policy-p\">\n  Please note that if you do not allow us to collect or process necessary personal information or withdraw your consent to process it for necessary purposes, you may not be able to access or use the services for which your information was applied.\n        <\/p>\n    <\/li>\n        <li>\n        <h2 class=\"privacy-policy-h2\">\n            Cookies Etc.\n        <\/h2>\n        <p class=\"privacy-policy-p\">\n\n            \nTo learn more about how we use these and your choices regarding these tracking technologies, please see our\n            <a href=\"https:\/\/reguadupla.pt\/en\/\">Cookie Policy.<\/a>\n        <\/p>\n    <\/li>\n    \n    <li>\n        <h2 class=\"privacy-policy-h2\">\n            Security:\n        <\/h2>\n        <p class=\"privacy-policy-p\">\n The security of your information is important to us and we will use reasonable security measures to prevent the loss, misuse or unauthorized alteration of your information under our control. However, given the inherent risks, we cannot guarantee absolute security and consequently, we cannot ensure or warrant the security of any information you transmit to us and you do so at your own risk.\n        <\/p>\n    <\/li>\n\n    \n    <li>\n        <h2 class=\"privacy-policy-h2\">\n            Complaints\/Data Protection Department:\n        <\/h2>\n        <p class=\"privacy-policy-p\">\nIf you have any questions or concerns about the processing of your information that is available to us, you may email our Complaints Department at:<br><br>\n             Double Ruler - Blinds and Solar Protections, Lda<br>\n             Rua do Moinho Novo, 218 - Tamel (Sao Verissimo),\n             <br>Email: geral@reguadupla.pt<br><br>\n             We will address your concerns in accordance with applicable law.\n        <\/p>\n    <\/li>\n<\/ol>\t\t\t\t<\/div>\n\t\t\t\t<\/div>\n\t\t\t\t\t<\/div>\n\t\t<\/div>\n\t\t\t\t\t<\/div>\n\t\t<\/section>\n\t\t\t\t<\/div>","protected":false},"excerpt":{"rendered":"<p>Pol\u00edtica de Privacidade \u00daltima Atualiza\u00e7\u00e3o em 03-Mar-2023 Data de cria\u00e7\u00e3o 03-Mar-2023 Esta Pol\u00edtica de Privacidade descreve as pol\u00edticas de: R\u00e9gua Dupla &#8211; Estores e Protec\u00e7\u00f5es Solares, Lda Rua do Moinho Novo, 218 &#8211; Tamel (S\u00e3o Ver\u00edssimo) Barcelos 4750-875, Portugal E-mail: geral@reguadupla.pt telefone: 51 961 505 828 &#8230; na cole\u00e7\u00e3o, uso e divulga\u00e7\u00e3o das suas informa\u00e7\u00f5es [&hellip;]<\/p>\n","protected":false},"author":1,"featured_media":0,"parent":0,"menu_order":0,"comment_status":"closed","ping_status":"closed","template":"elementor_canvas","meta":{"_monsterinsights_skip_tracking":false,"_monsterinsights_sitenote_active":false,"_monsterinsights_sitenote_note":"","_monsterinsights_sitenote_category":0,"footnotes":""},"class_list":["post-3","page","type-page","status-publish","hentry"],"yoast_head":"<!-- This site is optimized with the Yoast SEO plugin v27.5 - https:\/\/yoast.com\/product\/yoast-seo-wordpress\/ -->\n<title>| R\u00e9gua Dupla<\/title>\n<meta name=\"robots\" content=\"noindex, nofollow\" \/>\n<meta property=\"og:locale\" content=\"en_GB\" \/>\n<meta property=\"og:type\" content=\"article\" \/>\n<meta property=\"og:title\" content=\"| R\u00e9gua Dupla\" \/>\n<meta property=\"og:description\" content=\"Pol\u00edtica de Privacidade \u00daltima Atualiza\u00e7\u00e3o em 03-Mar-2023 Data de cria\u00e7\u00e3o 03-Mar-2023 Esta Pol\u00edtica de Privacidade descreve as pol\u00edticas de: R\u00e9gua Dupla &#8211; Estores e Protec\u00e7\u00f5es Solares, Lda Rua do Moinho Novo, 218 &#8211; Tamel (S\u00e3o Ver\u00edssimo) Barcelos 4750-875, Portugal E-mail: geral@reguadupla.pt telefone: 51 961 505 828 &#8230; na cole\u00e7\u00e3o, uso e divulga\u00e7\u00e3o das suas informa\u00e7\u00f5es [&hellip;]\" \/>\n<meta property=\"og:url\" content=\"https:\/\/reguadupla.pt\/en\/privacy-policy\/\" \/>\n<meta property=\"og:site_name\" content=\"R\u00e9gua Dupla\" \/>\n<meta property=\"article:publisher\" content=\"https:\/\/www.facebook.com\/regua.dupla.estores\/\" \/>\n<meta property=\"article:modified_time\" content=\"2023-03-19T15:25:48+00:00\" \/>\n<meta property=\"og:image\" content=\"https:\/\/reguadupla.pt\/wp-content\/uploads\/2023\/03\/Ativo-2.png\" \/>\n\t<meta property=\"og:image:width\" content=\"2836\" \/>\n\t<meta property=\"og:image:height\" content=\"1032\" \/>\n\t<meta property=\"og:image:type\" content=\"image\/png\" \/>\n<meta name=\"twitter:card\" content=\"summary_large_image\" \/>\n<meta name=\"twitter:label1\" content=\"Estimated reading time\" \/>\n\t<meta name=\"twitter:data1\" content=\"4 minutes\" \/>\n<script type=\"application\/ld+json\" class=\"yoast-schema-graph\">{\"@context\":\"https:\\\/\\\/schema.org\",\"@graph\":[{\"@type\":\"WebPage\",\"@id\":\"https:\\\/\\\/reguadupla.pt\\\/privacy-policy\\\/\",\"url\":\"https:\\\/\\\/reguadupla.pt\\\/privacy-policy\\\/\",\"name\":\"| R\u00e9gua Dupla\",\"isPartOf\":{\"@id\":\"https:\\\/\\\/reguadupla.pt\\\/#website\"},\"datePublished\":\"2023-01-21T22:12:10+00:00\",\"dateModified\":\"2023-03-19T15:25:48+00:00\",\"breadcrumb\":{\"@id\":\"https:\\\/\\\/reguadupla.pt\\\/privacy-policy\\\/#breadcrumb\"},\"inLanguage\":\"en-GB\",\"potentialAction\":[{\"@type\":\"ReadAction\",\"target\":[\"https:\\\/\\\/reguadupla.pt\\\/privacy-policy\\\/\"]}]},{\"@type\":\"BreadcrumbList\",\"@id\":\"https:\\\/\\\/reguadupla.pt\\\/privacy-policy\\\/#breadcrumb\",\"itemListElement\":[{\"@type\":\"ListItem\",\"position\":1,\"name\":\"In\u00edcio\",\"item\":\"https:\\\/\\\/reguadupla.pt\\\/\"},{\"@type\":\"ListItem\",\"position\":2,\"name\":\"Pol\u00edtica de Privacidade\"}]},{\"@type\":\"WebSite\",\"@id\":\"https:\\\/\\\/reguadupla.pt\\\/#website\",\"url\":\"https:\\\/\\\/reguadupla.pt\\\/\",\"name\":\"R\u00e9gua Dupla\",\"description\":\"Estores e Prote\u00e7\u00f5es Solares\",\"publisher\":{\"@id\":\"https:\\\/\\\/reguadupla.pt\\\/#organization\"},\"potentialAction\":[{\"@type\":\"SearchAction\",\"target\":{\"@type\":\"EntryPoint\",\"urlTemplate\":\"https:\\\/\\\/reguadupla.pt\\\/?s={search_term_string}\"},\"query-input\":{\"@type\":\"PropertyValueSpecification\",\"valueRequired\":true,\"valueName\":\"search_term_string\"}}],\"inLanguage\":\"en-GB\"},{\"@type\":\"Organization\",\"@id\":\"https:\\\/\\\/reguadupla.pt\\\/#organization\",\"name\":\"R\u00e9gua Dupla - Estores e Prote\u00e7\u00f5es Solares, Lda\",\"url\":\"https:\\\/\\\/reguadupla.pt\\\/\",\"logo\":{\"@type\":\"ImageObject\",\"inLanguage\":\"en-GB\",\"@id\":\"https:\\\/\\\/reguadupla.pt\\\/#\\\/schema\\\/logo\\\/image\\\/\",\"url\":\"https:\\\/\\\/reguadupla.pt\\\/wp-content\\\/uploads\\\/2023\\\/01\\\/cropped-logo-regua-dupla-cor-1_page-0001-e1675360539841.jpg\",\"contentUrl\":\"https:\\\/\\\/reguadupla.pt\\\/wp-content\\\/uploads\\\/2023\\\/01\\\/cropped-logo-regua-dupla-cor-1_page-0001-e1675360539841.jpg\",\"width\":479,\"height\":182,\"caption\":\"R\u00e9gua Dupla - Estores e Prote\u00e7\u00f5es Solares, Lda\"},\"image\":{\"@id\":\"https:\\\/\\\/reguadupla.pt\\\/#\\\/schema\\\/logo\\\/image\\\/\"},\"sameAs\":[\"https:\\\/\\\/www.facebook.com\\\/regua.dupla.estores\\\/\",\"https:\\\/\\\/www.linkedin.com\\\/in\\\/regua-dupla\\\/\"]}]}<\/script>\n<!-- \/ Yoast SEO plugin. -->","yoast_head_json":{"title":"| R\u00e9gua Dupla","robots":{"index":"noindex","follow":"nofollow"},"og_locale":"en_GB","og_type":"article","og_title":"| R\u00e9gua Dupla","og_description":"Pol\u00edtica de Privacidade \u00daltima Atualiza\u00e7\u00e3o em 03-Mar-2023 Data de cria\u00e7\u00e3o 03-Mar-2023 Esta Pol\u00edtica de Privacidade descreve as pol\u00edticas de: R\u00e9gua Dupla &#8211; Estores e Protec\u00e7\u00f5es Solares, Lda Rua do Moinho Novo, 218 &#8211; Tamel (S\u00e3o Ver\u00edssimo) Barcelos 4750-875, Portugal E-mail: geral@reguadupla.pt telefone: 51 961 505 828 &#8230; na cole\u00e7\u00e3o, uso e divulga\u00e7\u00e3o das suas informa\u00e7\u00f5es [&hellip;]","og_url":"https:\/\/reguadupla.pt\/en\/privacy-policy\/","og_site_name":"R\u00e9gua Dupla","article_publisher":"https:\/\/www.facebook.com\/regua.dupla.estores\/","article_modified_time":"2023-03-19T15:25:48+00:00","og_image":[{"width":2836,"height":1032,"url":"https:\/\/reguadupla.pt\/wp-content\/uploads\/2023\/03\/Ativo-2.png","type":"image\/png"}],"twitter_card":"summary_large_image","twitter_misc":{"Estimated reading time":"4 minutes"},"schema":{"@context":"https:\/\/schema.org","@graph":[{"@type":"WebPage","@id":"https:\/\/reguadupla.pt\/privacy-policy\/","url":"https:\/\/reguadupla.pt\/privacy-policy\/","name":"| R\u00e9gua Dupla","isPartOf":{"@id":"https:\/\/reguadupla.pt\/#website"},"datePublished":"2023-01-21T22:12:10+00:00","dateModified":"2023-03-19T15:25:48+00:00","breadcrumb":{"@id":"https:\/\/reguadupla.pt\/privacy-policy\/#breadcrumb"},"inLanguage":"en-GB","potentialAction":[{"@type":"ReadAction","target":["https:\/\/reguadupla.pt\/privacy-policy\/"]}]},{"@type":"BreadcrumbList","@id":"https:\/\/reguadupla.pt\/privacy-policy\/#breadcrumb","itemListElement":[{"@type":"ListItem","position":1,"name":"In\u00edcio","item":"https:\/\/reguadupla.pt\/"},{"@type":"ListItem","position":2,"name":"Pol\u00edtica de Privacidade"}]},{"@type":"WebSite","@id":"https:\/\/reguadupla.pt\/#website","url":"https:\/\/reguadupla.pt\/","name":"double ruler","description":"Estores e Prote\u00e7\u00f5es Solares","publisher":{"@id":"https:\/\/reguadupla.pt\/#organization"},"potentialAction":[{"@type":"SearchAction","target":{"@type":"EntryPoint","urlTemplate":"https:\/\/reguadupla.pt\/?s={search_term_string}"},"query-input":{"@type":"PropertyValueSpecification","valueRequired":true,"valueName":"search_term_string"}}],"inLanguage":"en-GB"},{"@type":"Organization","@id":"https:\/\/reguadupla.pt\/#organization","name":"R\u00e9gua Dupla - Estores e Prote\u00e7\u00f5es Solares, Lda","url":"https:\/\/reguadupla.pt\/","logo":{"@type":"ImageObject","inLanguage":"en-GB","@id":"https:\/\/reguadupla.pt\/#\/schema\/logo\/image\/","url":"https:\/\/reguadupla.pt\/wp-content\/uploads\/2023\/01\/cropped-logo-regua-dupla-cor-1_page-0001-e1675360539841.jpg","contentUrl":"https:\/\/reguadupla.pt\/wp-content\/uploads\/2023\/01\/cropped-logo-regua-dupla-cor-1_page-0001-e1675360539841.jpg","width":479,"height":182,"caption":"R\u00e9gua Dupla - Estores e Prote\u00e7\u00f5es Solares, Lda"},"image":{"@id":"https:\/\/reguadupla.pt\/#\/schema\/logo\/image\/"},"sameAs":["https:\/\/www.facebook.com\/regua.dupla.estores\/","https:\/\/www.linkedin.com\/in\/regua-dupla\/"]}]}},"_links":{"self":[{"href":"https:\/\/reguadupla.pt\/en\/wp-json\/wp\/v2\/pages\/3","targetHints":{"allow":["GET"]}}],"collection":[{"href":"https:\/\/reguadupla.pt\/en\/wp-json\/wp\/v2\/pages"}],"about":[{"href":"https:\/\/reguadupla.pt\/en\/wp-json\/wp\/v2\/types\/page"}],"author":[{"embeddable":true,"href":"https:\/\/reguadupla.pt\/en\/wp-json\/wp\/v2\/users\/1"}],"replies":[{"embeddable":true,"href":"https:\/\/reguadupla.pt\/en\/wp-json\/wp\/v2\/comments?post=3"}],"version-history":[{"count":32,"href":"https:\/\/reguadupla.pt\/en\/wp-json\/wp\/v2\/pages\/3\/revisions"}],"predecessor-version":[{"id":5207,"href":"https:\/\/reguadupla.pt\/en\/wp-json\/wp\/v2\/pages\/3\/revisions\/5207"}],"wp:attachment":[{"href":"https:\/\/reguadupla.pt\/en\/wp-json\/wp\/v2\/media?parent=3"}],"curies":[{"name":"wp","href":"https:\/\/api.w.org\/{rel}","templated":true}]}}