{"id":28,"date":"2023-01-23T22:09:34","date_gmt":"2023-01-23T22:09:34","guid":{"rendered":"https:\/\/clientes.migrapixel.pt\/regua-dupla\/info\/"},"modified":"2023-03-20T23:12:40","modified_gmt":"2023-03-20T23:12:40","slug":"servicos","status":"publish","type":"page","link":"https:\/\/reguadupla.pt\/en\/servicos\/","title":{"rendered":"our services"},"content":{"rendered":"<div data-elementor-type=\"wp-page\" data-elementor-id=\"28\" class=\"elementor elementor-28\">\n\t\t\t\t\t\t<section class=\"elementor-section elementor-top-section elementor-element elementor-element-26d0bae8 elementor-section-full_width elementor-section-height-min-height elementor-reverse-mobile elementor-section-height-default elementor-section-items-middle\" data-id=\"26d0bae8\" data-element_type=\"section\" data-e-type=\"section\" data-settings=\"{&quot;background_background&quot;:&quot;classic&quot;}\">\n\t\t\t\t\t\t<div class=\"elementor-container elementor-column-gap-no\">\n\t\t\t\t\t<div class=\"elementor-column elementor-col-100 elementor-top-column elementor-element elementor-element-7c5a6655\" data-id=\"7c5a6655\" data-element_type=\"column\" data-e-type=\"column\" data-settings=\"{&quot;background_background&quot;:&quot;classic&quot;}\">\n\t\t\t<div class=\"elementor-widget-wrap elementor-element-populated\">\n\t\t\t\t\t\t<div class=\"elementor-element elementor-element-0b08220 elementor-widget elementor-widget-html\" data-id=\"0b08220\" data-element_type=\"widget\" data-e-type=\"widget\" data-widget_type=\"html.default\">\n\t\t\t\t<div class=\"elementor-widget-container\">\n\t\t\t\t\t<h1 style=\"display:none\">our services<\/h1>\t\t\t\t<\/div>\n\t\t\t\t<\/div>\n\t\t\t\t<div class=\"elementor-element elementor-element-6291e90 elementor-invisible elementor-widget elementor-widget-heading\" data-id=\"6291e90\" data-element_type=\"widget\" data-e-type=\"widget\" data-settings=\"{&quot;_animation&quot;:&quot;fadeIn&quot;}\" data-widget_type=\"heading.default\">\n\t\t\t\t<div class=\"elementor-widget-container\">\n\t\t\t\t\t<p class=\"elementor-heading-title elementor-size-default\">services<\/p>\t\t\t\t<\/div>\n\t\t\t\t<\/div>\n\t\t\t\t<section class=\"elementor-section elementor-inner-section elementor-element elementor-element-00b4b71 elementor-section-boxed elementor-section-height-default elementor-section-height-default\" data-id=\"00b4b71\" data-element_type=\"section\" data-e-type=\"section\">\n\t\t\t\t\t\t<div class=\"elementor-container elementor-column-gap-default\">\n\t\t\t\t\t<div class=\"elementor-column elementor-col-50 elementor-inner-column elementor-element elementor-element-5771b3e\" data-id=\"5771b3e\" data-element_type=\"column\" data-e-type=\"column\">\n\t\t\t<div class=\"elementor-widget-wrap elementor-element-populated\">\n\t\t\t\t\t\t<div class=\"elementor-element elementor-element-60667c9 elementor-icon-list--layout-traditional elementor-list-item-link-full_width elementor-widget elementor-widget-icon-list\" data-id=\"60667c9\" data-element_type=\"widget\" data-e-type=\"widget\" id=\"list_services_1\" data-widget_type=\"icon-list.default\">\n\t\t\t\t<div class=\"elementor-widget-container\">\n\t\t\t\t\t\t\t<ul class=\"elementor-icon-list-items\">\n\t\t\t\t\t\t\t<li class=\"elementor-icon-list-item\">\n\t\t\t\t\t\t\t\t\t\t\t<span class=\"elementor-icon-list-icon\">\n\t\t\t\t\t\t\t<i aria-hidden=\"true\" class=\"fas fa-check\"><\/i>\t\t\t\t\t\t<\/span>\n\t\t\t\t\t\t\t\t\t\t<span class=\"elementor-icon-list-text\">Travel to budget<\/span>\n\t\t\t\t\t\t\t\t\t<\/li>\n\t\t\t\t\t\t\t\t<li class=\"elementor-icon-list-item\">\n\t\t\t\t\t\t\t\t\t\t\t<span class=\"elementor-icon-list-icon\">\n\t\t\t\t\t\t\t<i aria-hidden=\"true\" class=\"fas fa-check\"><\/i>\t\t\t\t\t\t<\/span>\n\t\t\t\t\t\t\t\t\t\t<span class=\"elementor-icon-list-text\">Construction support with full planning of the work in the blinds area<\/span>\n\t\t\t\t\t\t\t\t\t<\/li>\n\t\t\t\t\t\t\t\t<li class=\"elementor-icon-list-item\">\n\t\t\t\t\t\t\t\t\t\t\t<span class=\"elementor-icon-list-icon\">\n\t\t\t\t\t\t\t<i aria-hidden=\"true\" class=\"fas fa-check\"><\/i>\t\t\t\t\t\t<\/span>\n\t\t\t\t\t\t\t\t\t\t<span class=\"elementor-icon-list-text\">Iron and aluminum lacquering<\/span>\n\t\t\t\t\t\t\t\t\t<\/li>\n\t\t\t\t\t\t\t\t<li class=\"elementor-icon-list-item\">\n\t\t\t\t\t\t\t\t\t\t\t<span class=\"elementor-icon-list-icon\">\n\t\t\t\t\t\t\t<i aria-hidden=\"true\" class=\"fas fa-check\"><\/i>\t\t\t\t\t\t<\/span>\n\t\t\t\t\t\t\t\t\t\t<span class=\"elementor-icon-list-text\">bending sheet metal cutting<\/span>\n\t\t\t\t\t\t\t\t\t<\/li>\n\t\t\t\t\t\t\t\t<li class=\"elementor-icon-list-item\">\n\t\t\t\t\t\t\t\t\t\t\t<span class=\"elementor-icon-list-icon\">\n\t\t\t\t\t\t\t<i aria-hidden=\"true\" class=\"fas fa-check\"><\/i>\t\t\t\t\t\t<\/span>\n\t\t\t\t\t\t\t\t\t\t<span class=\"elementor-icon-list-text\">Motorization and automation of curtains, awnings, pergolas, Blinds and Shutters<\/span>\n\t\t\t\t\t\t\t\t\t<\/li>\n\t\t\t\t\t\t<\/ul>\n\t\t\t\t\t\t<\/div>\n\t\t\t\t<\/div>\n\t\t\t\t\t<\/div>\n\t\t<\/div>\n\t\t\t\t<div class=\"elementor-column elementor-col-50 elementor-inner-column elementor-element elementor-element-fd4336f\" data-id=\"fd4336f\" data-element_type=\"column\" data-e-type=\"column\">\n\t\t\t<div class=\"elementor-widget-wrap elementor-element-populated\">\n\t\t\t\t\t\t<div class=\"elementor-element elementor-element-d0b8086 elementor-icon-list--layout-traditional elementor-list-item-link-full_width elementor-widget elementor-widget-icon-list\" data-id=\"d0b8086\" data-element_type=\"widget\" data-e-type=\"widget\" id=\"list_services_2\" data-widget_type=\"icon-list.default\">\n\t\t\t\t<div class=\"elementor-widget-container\">\n\t\t\t\t\t\t\t<ul class=\"elementor-icon-list-items\">\n\t\t\t\t\t\t\t<li class=\"elementor-icon-list-item\">\n\t\t\t\t\t\t\t\t\t\t\t<span class=\"elementor-icon-list-icon\">\n\t\t\t\t\t\t\t<i aria-hidden=\"true\" class=\"fas fa-check\"><\/i>\t\t\t\t\t\t<\/span>\n\t\t\t\t\t\t\t\t\t\t<span class=\"elementor-icon-list-text\">Repair of any type of product manufactured in our company<\/span>\n\t\t\t\t\t\t\t\t\t<\/li>\n\t\t\t\t\t\t\t\t<li class=\"elementor-icon-list-item\">\n\t\t\t\t\t\t\t\t\t\t\t<span class=\"elementor-icon-list-icon\">\n\t\t\t\t\t\t\t<i aria-hidden=\"true\" class=\"fas fa-check\"><\/i>\t\t\t\t\t\t<\/span>\n\t\t\t\t\t\t\t\t\t\t<span class=\"elementor-icon-list-text\">band sheet metal cutting<\/span>\n\t\t\t\t\t\t\t\t\t<\/li>\n\t\t\t\t\t\t\t\t<li class=\"elementor-icon-list-item\">\n\t\t\t\t\t\t\t\t\t\t\t<span class=\"elementor-icon-list-icon\">\n\t\t\t\t\t\t\t<i aria-hidden=\"true\" class=\"fas fa-check\"><\/i>\t\t\t\t\t\t<\/span>\n\t\t\t\t\t\t\t\t\t\t<span class=\"elementor-icon-list-text\">Disassembly, installation and assembly of all our products <\/span>\n\t\t\t\t\t\t\t\t\t<\/li>\n\t\t\t\t\t\t\t\t<li class=\"elementor-icon-list-item\">\n\t\t\t\t\t\t\t\t\t\t\t<span class=\"elementor-icon-list-icon\">\n\t\t\t\t\t\t\t<i aria-hidden=\"true\" class=\"fas fa-check\"><\/i>\t\t\t\t\t\t<\/span>\n\t\t\t\t\t\t\t\t\t\t<span class=\"elementor-icon-list-text\">Sale and resale of the accessories that make up our products<\/span>\n\t\t\t\t\t\t\t\t\t<\/li>\n\t\t\t\t\t\t<\/ul>\n\t\t\t\t\t\t<\/div>\n\t\t\t\t<\/div>\n\t\t\t\t\t<\/div>\n\t\t<\/div>\n\t\t\t\t\t<\/div>\n\t\t<\/section>\n\t\t\t\t<div class=\"elementor-element elementor-element-bdc465b elementor-widget elementor-widget-html\" data-id=\"bdc465b\" data-element_type=\"widget\" data-e-type=\"widget\" data-widget_type=\"html.default\">\n\t\t\t\t<div class=\"elementor-widget-container\">\n\t\t\t\t\t\n<style>\n    #list_services_1 ul{\n        list-style-type: none;\n    }\n    #list_services_2 ul{\n        list-style-type: none;\n    }\n<\/style>\t\t\t\t<\/div>\n\t\t\t\t<\/div>\n\t\t\t\t<div class=\"elementor-element elementor-element-0f484ae elementor-align-center elementor-widget elementor-widget-button\" data-id=\"0f484ae\" data-element_type=\"widget\" data-e-type=\"widget\" data-widget_type=\"button.default\">\n\t\t\t\t<div class=\"elementor-widget-container\">\n\t\t\t\t\t\t\t\t\t<div class=\"elementor-button-wrapper\">\n\t\t\t\t\t<a class=\"elementor-button elementor-button-link elementor-size-sm elementor-animation-hang\" href=\"https:\/\/reguadupla.pt\/en\/contact\/\">\n\t\t\t\t\t\t<span class=\"elementor-button-content-wrapper\">\n\t\t\t\t\t\t\t\t\t<span class=\"elementor-button-text\">Contact us \u27f6<\/span>\n\t\t\t\t\t<\/span>\n\t\t\t\t\t<\/a>\n\t\t\t\t<\/div>\n\t\t\t\t\t\t\t\t<\/div>\n\t\t\t\t<\/div>\n\t\t\t\t\t<\/div>\n\t\t<\/div>\n\t\t\t\t\t<\/div>\n\t\t<\/section>\n\t\t\t\t<section class=\"elementor-section elementor-top-section elementor-element elementor-element-61f0aa25 elementor-section-height-min-height elementor-section-full_width elementor-section-items-stretch elementor-section-content-middle elementor-section-height-default\" data-id=\"61f0aa25\" data-element_type=\"section\" data-e-type=\"section\" data-settings=\"{&quot;background_background&quot;:&quot;gradient&quot;}\">\n\t\t\t\t\t\t<div class=\"elementor-container elementor-column-gap-no\">\n\t\t\t\t\t<div class=\"elementor-column elementor-col-100 elementor-top-column elementor-element elementor-element-5f500b74\" data-id=\"5f500b74\" data-element_type=\"column\" data-e-type=\"column\">\n\t\t\t<div class=\"elementor-widget-wrap elementor-element-populated\">\n\t\t\t\t\t\t<div class=\"elementor-element elementor-element-60c7d067 elementor-widget elementor-widget-heading\" data-id=\"60c7d067\" data-element_type=\"widget\" data-e-type=\"widget\" data-widget_type=\"heading.default\">\n\t\t\t\t<div class=\"elementor-widget-container\">\n\t\t\t\t\t<p class=\"elementor-heading-title elementor-size-default\">Our commitment to you<\/p>\t\t\t\t<\/div>\n\t\t\t\t<\/div>\n\t\t\t\t<div class=\"elementor-element elementor-element-7f1b51e7 elementor-widget elementor-widget-text-editor\" data-id=\"7f1b51e7\" data-element_type=\"widget\" data-e-type=\"widget\" data-widget_type=\"text-editor.default\">\n\t\t\t\t<div class=\"elementor-widget-container\">\n\t\t\t\t\t\t\t\t\tAs a company we need customers, but we know that before being a customer it is a person and should be treated as such.<br>Therefore, R\u00e9gua Dupla, despite having defined opening hours, understands that problems do not only occur during our working hours and as such, whenever possible, we are available for you, even out of hours to help you on your urgent problem.\t\t\t\t\t\t\t\t<\/div>\n\t\t\t\t<\/div>\n\t\t\t\t\t<\/div>\n\t\t<\/div>\n\t\t\t\t\t<\/div>\n\t\t<\/section>\n\t\t\t\t<section class=\"elementor-section elementor-top-section elementor-element elementor-element-6614e7c elementor-section-boxed elementor-section-height-default elementor-section-height-default\" data-id=\"6614e7c\" data-element_type=\"section\" data-e-type=\"section\">\n\t\t\t\t\t\t<div class=\"elementor-container elementor-column-gap-default\">\n\t\t\t\t\t<div class=\"elementor-column elementor-col-100 elementor-top-column elementor-element elementor-element-b4ca298\" data-id=\"b4ca298\" data-element_type=\"column\" data-e-type=\"column\">\n\t\t\t<div class=\"elementor-widget-wrap elementor-element-populated\">\n\t\t\t\t\t\t<div class=\"elementor-element elementor-element-22aa338 elementor-widget elementor-widget-spacer\" data-id=\"22aa338\" data-element_type=\"widget\" data-e-type=\"widget\" data-widget_type=\"spacer.default\">\n\t\t\t\t<div class=\"elementor-widget-container\">\n\t\t\t\t\t\t\t<div class=\"elementor-spacer\">\n\t\t\t<div class=\"elementor-spacer-inner\"><\/div>\n\t\t<\/div>\n\t\t\t\t\t\t<\/div>\n\t\t\t\t<\/div>\n\t\t\t\t\t<\/div>\n\t\t<\/div>\n\t\t\t\t\t<\/div>\n\t\t<\/section>\n\t\t\t\t<\/div>","protected":false},"excerpt":{"rendered":"<p>Os nossos servi\u00e7os Servi\u00e7os Desloca\u00e7\u00e3o para or\u00e7amente\u00e7\u00e3o Apoio \u00e0 constru\u00e7\u00e3o com planeamento total da obra na \u00e1rea dos estores Lacagem de ferro e alum\u00ednio Corte de chapa quinagem Motoriza\u00e7\u00e3o e automatiza\u00e7\u00e3o de cortinas, toldos, p\u00e9rgulas, Estores e Persianas Repara\u00e7\u00e3o de qualquer tipo de produto fabricado na nossa empresa Corte de chapa em banda Desmontagem, Coloca\u00e7\u00e3o [&hellip;]<\/p>\n","protected":false},"author":1,"featured_media":0,"parent":0,"menu_order":0,"comment_status":"closed","ping_status":"closed","template":"elementor_canvas","meta":{"_monsterinsights_skip_tracking":false,"_monsterinsights_sitenote_active":false,"_monsterinsights_sitenote_note":"","_monsterinsights_sitenote_category":0,"footnotes":""},"class_list":["post-28","page","type-page","status-publish","hentry"],"yoast_head":"<!-- This site is optimized with the Yoast SEO plugin v27.4 - https:\/\/yoast.com\/product\/yoast-seo-wordpress\/ -->\n<title>Servi\u00e7os | Conhe\u00e7a os servi\u00e7os que temos ao seu dispor<\/title>\n<meta name=\"description\" content=\"Os nossos servi\u00e7os v\u00e3o desde o aconselhamento, or\u00e7amenta\u00e7\u00e3o passando tamb\u00e9m por repara\u00e7\u00f5es e muito mais.\" \/>\n<meta name=\"robots\" content=\"index, follow, max-snippet:-1, max-image-preview:large, max-video-preview:-1\" \/>\n<link rel=\"canonical\" href=\"https:\/\/reguadupla.pt\/en\/servicos\/\" \/>\n<meta property=\"og:locale\" content=\"en_GB\" \/>\n<meta property=\"og:type\" content=\"article\" \/>\n<meta property=\"og:title\" content=\"Servi\u00e7os | Conhe\u00e7a os servi\u00e7os que temos ao seu dispor\" \/>\n<meta property=\"og:description\" content=\"Os nossos servi\u00e7os v\u00e3o desde o aconselhamento, or\u00e7amenta\u00e7\u00e3o passando tamb\u00e9m por repara\u00e7\u00f5es e muito mais.\" \/>\n<meta property=\"og:url\" content=\"https:\/\/reguadupla.pt\/en\/servicos\/\" \/>\n<meta property=\"og:site_name\" content=\"R\u00e9gua Dupla\" \/>\n<meta property=\"article:publisher\" content=\"https:\/\/www.facebook.com\/regua.dupla.estores\/\" \/>\n<meta property=\"article:modified_time\" content=\"2023-03-20T23:12:40+00:00\" \/>\n<meta property=\"og:image\" content=\"https:\/\/reguadupla.pt\/wp-content\/uploads\/2023\/03\/Ativo-2.png\" \/>\n\t<meta property=\"og:image:width\" content=\"2836\" \/>\n\t<meta property=\"og:image:height\" content=\"1032\" \/>\n\t<meta property=\"og:image:type\" content=\"image\/png\" \/>\n<meta name=\"twitter:card\" content=\"summary_large_image\" \/>\n<meta name=\"twitter:label1\" content=\"Estimated reading time\" \/>\n\t<meta name=\"twitter:data1\" content=\"1 minute\" \/>\n<script type=\"application\/ld+json\" class=\"yoast-schema-graph\">{\"@context\":\"https:\\\/\\\/schema.org\",\"@graph\":[{\"@type\":\"WebPage\",\"@id\":\"https:\\\/\\\/reguadupla.pt\\\/servicos\\\/\",\"url\":\"https:\\\/\\\/reguadupla.pt\\\/servicos\\\/\",\"name\":\"Servi\u00e7os | Conhe\u00e7a os servi\u00e7os que temos ao seu dispor\",\"isPartOf\":{\"@id\":\"https:\\\/\\\/reguadupla.pt\\\/#website\"},\"datePublished\":\"2023-01-23T22:09:34+00:00\",\"dateModified\":\"2023-03-20T23:12:40+00:00\",\"description\":\"Os nossos servi\u00e7os v\u00e3o desde o aconselhamento, or\u00e7amenta\u00e7\u00e3o passando tamb\u00e9m por repara\u00e7\u00f5es e muito mais.\",\"breadcrumb\":{\"@id\":\"https:\\\/\\\/reguadupla.pt\\\/servicos\\\/#breadcrumb\"},\"inLanguage\":\"en-GB\",\"potentialAction\":[{\"@type\":\"ReadAction\",\"target\":[\"https:\\\/\\\/reguadupla.pt\\\/servicos\\\/\"]}]},{\"@type\":\"BreadcrumbList\",\"@id\":\"https:\\\/\\\/reguadupla.pt\\\/servicos\\\/#breadcrumb\",\"itemListElement\":[{\"@type\":\"ListItem\",\"position\":1,\"name\":\"In\u00edcio\",\"item\":\"https:\\\/\\\/reguadupla.pt\\\/\"},{\"@type\":\"ListItem\",\"position\":2,\"name\":\"Os nossos servi\u00e7os\"}]},{\"@type\":\"WebSite\",\"@id\":\"https:\\\/\\\/reguadupla.pt\\\/#website\",\"url\":\"https:\\\/\\\/reguadupla.pt\\\/\",\"name\":\"R\u00e9gua Dupla\",\"description\":\"Estores e Prote\u00e7\u00f5es Solares\",\"publisher\":{\"@id\":\"https:\\\/\\\/reguadupla.pt\\\/#organization\"},\"potentialAction\":[{\"@type\":\"SearchAction\",\"target\":{\"@type\":\"EntryPoint\",\"urlTemplate\":\"https:\\\/\\\/reguadupla.pt\\\/?s={search_term_string}\"},\"query-input\":{\"@type\":\"PropertyValueSpecification\",\"valueRequired\":true,\"valueName\":\"search_term_string\"}}],\"inLanguage\":\"en-GB\"},{\"@type\":\"Organization\",\"@id\":\"https:\\\/\\\/reguadupla.pt\\\/#organization\",\"name\":\"R\u00e9gua Dupla - Estores e Prote\u00e7\u00f5es Solares, Lda\",\"url\":\"https:\\\/\\\/reguadupla.pt\\\/\",\"logo\":{\"@type\":\"ImageObject\",\"inLanguage\":\"en-GB\",\"@id\":\"https:\\\/\\\/reguadupla.pt\\\/#\\\/schema\\\/logo\\\/image\\\/\",\"url\":\"https:\\\/\\\/reguadupla.pt\\\/wp-content\\\/uploads\\\/2023\\\/01\\\/cropped-logo-regua-dupla-cor-1_page-0001-e1675360539841.jpg\",\"contentUrl\":\"https:\\\/\\\/reguadupla.pt\\\/wp-content\\\/uploads\\\/2023\\\/01\\\/cropped-logo-regua-dupla-cor-1_page-0001-e1675360539841.jpg\",\"width\":479,\"height\":182,\"caption\":\"R\u00e9gua Dupla - Estores e Prote\u00e7\u00f5es Solares, Lda\"},\"image\":{\"@id\":\"https:\\\/\\\/reguadupla.pt\\\/#\\\/schema\\\/logo\\\/image\\\/\"},\"sameAs\":[\"https:\\\/\\\/www.facebook.com\\\/regua.dupla.estores\\\/\",\"https:\\\/\\\/www.linkedin.com\\\/in\\\/regua-dupla\\\/\"]}]}<\/script>\n<!-- \/ Yoast SEO plugin. -->","yoast_head_json":{"title":"Servi\u00e7os | Conhe\u00e7a os servi\u00e7os que temos ao seu dispor","description":"Os nossos servi\u00e7os v\u00e3o desde o aconselhamento, or\u00e7amenta\u00e7\u00e3o passando tamb\u00e9m por repara\u00e7\u00f5es e muito mais.","robots":{"index":"index","follow":"follow","max-snippet":"max-snippet:-1","max-image-preview":"max-image-preview:large","max-video-preview":"max-video-preview:-1"},"canonical":"https:\/\/reguadupla.pt\/en\/servicos\/","og_locale":"en_GB","og_type":"article","og_title":"Servi\u00e7os | Conhe\u00e7a os servi\u00e7os que temos ao seu dispor","og_description":"Os nossos servi\u00e7os v\u00e3o desde o aconselhamento, or\u00e7amenta\u00e7\u00e3o passando tamb\u00e9m por repara\u00e7\u00f5es e muito mais.","og_url":"https:\/\/reguadupla.pt\/en\/servicos\/","og_site_name":"R\u00e9gua Dupla","article_publisher":"https:\/\/www.facebook.com\/regua.dupla.estores\/","article_modified_time":"2023-03-20T23:12:40+00:00","og_image":[{"width":2836,"height":1032,"url":"https:\/\/reguadupla.pt\/wp-content\/uploads\/2023\/03\/Ativo-2.png","type":"image\/png"}],"twitter_card":"summary_large_image","twitter_misc":{"Estimated reading time":"1 minute"},"schema":{"@context":"https:\/\/schema.org","@graph":[{"@type":"WebPage","@id":"https:\/\/reguadupla.pt\/servicos\/","url":"https:\/\/reguadupla.pt\/servicos\/","name":"Servi\u00e7os | Conhe\u00e7a os servi\u00e7os que temos ao seu dispor","isPartOf":{"@id":"https:\/\/reguadupla.pt\/#website"},"datePublished":"2023-01-23T22:09:34+00:00","dateModified":"2023-03-20T23:12:40+00:00","description":"Os nossos servi\u00e7os v\u00e3o desde o aconselhamento, or\u00e7amenta\u00e7\u00e3o passando tamb\u00e9m por repara\u00e7\u00f5es e muito mais.","breadcrumb":{"@id":"https:\/\/reguadupla.pt\/servicos\/#breadcrumb"},"inLanguage":"en-GB","potentialAction":[{"@type":"ReadAction","target":["https:\/\/reguadupla.pt\/servicos\/"]}]},{"@type":"BreadcrumbList","@id":"https:\/\/reguadupla.pt\/servicos\/#breadcrumb","itemListElement":[{"@type":"ListItem","position":1,"name":"In\u00edcio","item":"https:\/\/reguadupla.pt\/"},{"@type":"ListItem","position":2,"name":"Os nossos servi\u00e7os"}]},{"@type":"WebSite","@id":"https:\/\/reguadupla.pt\/#website","url":"https:\/\/reguadupla.pt\/","name":"double ruler","description":"Estores e Prote\u00e7\u00f5es Solares","publisher":{"@id":"https:\/\/reguadupla.pt\/#organization"},"potentialAction":[{"@type":"SearchAction","target":{"@type":"EntryPoint","urlTemplate":"https:\/\/reguadupla.pt\/?s={search_term_string}"},"query-input":{"@type":"PropertyValueSpecification","valueRequired":true,"valueName":"search_term_string"}}],"inLanguage":"en-GB"},{"@type":"Organization","@id":"https:\/\/reguadupla.pt\/#organization","name":"R\u00e9gua Dupla - Estores e Prote\u00e7\u00f5es Solares, Lda","url":"https:\/\/reguadupla.pt\/","logo":{"@type":"ImageObject","inLanguage":"en-GB","@id":"https:\/\/reguadupla.pt\/#\/schema\/logo\/image\/","url":"https:\/\/reguadupla.pt\/wp-content\/uploads\/2023\/01\/cropped-logo-regua-dupla-cor-1_page-0001-e1675360539841.jpg","contentUrl":"https:\/\/reguadupla.pt\/wp-content\/uploads\/2023\/01\/cropped-logo-regua-dupla-cor-1_page-0001-e1675360539841.jpg","width":479,"height":182,"caption":"R\u00e9gua Dupla - Estores e Prote\u00e7\u00f5es Solares, Lda"},"image":{"@id":"https:\/\/reguadupla.pt\/#\/schema\/logo\/image\/"},"sameAs":["https:\/\/www.facebook.com\/regua.dupla.estores\/","https:\/\/www.linkedin.com\/in\/regua-dupla\/"]}]}},"_links":{"self":[{"href":"https:\/\/reguadupla.pt\/en\/wp-json\/wp\/v2\/pages\/28","targetHints":{"allow":["GET"]}}],"collection":[{"href":"https:\/\/reguadupla.pt\/en\/wp-json\/wp\/v2\/pages"}],"about":[{"href":"https:\/\/reguadupla.pt\/en\/wp-json\/wp\/v2\/types\/page"}],"author":[{"embeddable":true,"href":"https:\/\/reguadupla.pt\/en\/wp-json\/wp\/v2\/users\/1"}],"replies":[{"embeddable":true,"href":"https:\/\/reguadupla.pt\/en\/wp-json\/wp\/v2\/comments?post=28"}],"version-history":[{"count":130,"href":"https:\/\/reguadupla.pt\/en\/wp-json\/wp\/v2\/pages\/28\/revisions"}],"predecessor-version":[{"id":5204,"href":"https:\/\/reguadupla.pt\/en\/wp-json\/wp\/v2\/pages\/28\/revisions\/5204"}],"wp:attachment":[{"href":"https:\/\/reguadupla.pt\/en\/wp-json\/wp\/v2\/media?parent=28"}],"curies":[{"name":"wp","href":"https:\/\/api.w.org\/{rel}","templated":true}]}}